{"id":2439,"date":"2017-05-25T10:40:47","date_gmt":"2017-05-25T10:40:47","guid":{"rendered":"http:\/\/www.fritravich.com\/buenosmomentos\/"},"modified":"2017-07-24T11:42:35","modified_gmt":"2017-07-24T11:42:35","slug":"bons-moments","status":"publish","type":"page","link":"https:\/\/www.fritravich.com\/ca\/bons-moments\/","title":{"rendered":"#Bonsmoments"},"content":{"rendered":"","protected":false},"excerpt":{"rendered":"","protected":false},"author":1,"featured_media":0,"parent":0,"menu_order":95,"comment_status":"closed","ping_status":"closed","template":"page-buenosmomentos.php","meta":{"_acf_changed":false,"_monsterinsights_skip_tracking":false,"_monsterinsights_sitenote_active":false,"_monsterinsights_sitenote_note":"","_monsterinsights_sitenote_category":0,"footnotes":""},"class_list":["post-2439","page","type-page","status-publish","hentry"],"acf":[],"yoast_head":"<!-- This site is optimized with the Yoast SEO plugin v27.3 - https:\/\/yoast.com\/product\/yoast-seo-wordpress\/ -->\n<title>BONS MOMENTS | Assabenta&#039;t de les darreres novetats de Frit Ravich!<\/title>\n<meta name=\"description\" content=\"A la secci\u00f3 de Bons Moments trobar\u00e0s curiositats sobre patates, snacks i fruits secs... i molt m\u00e9s!\" \/>\n<meta name=\"robots\" content=\"index, follow, max-snippet:-1, max-image-preview:large, max-video-preview:-1\" \/>\n<link rel=\"canonical\" href=\"https:\/\/www.fritravich.com\/ca\/bons-moments\/\" \/>\n<meta property=\"og:locale\" content=\"ca_ES\" \/>\n<meta property=\"og:type\" content=\"article\" \/>\n<meta property=\"og:title\" content=\"BUENOS MOMENTOS | \u00a1Descubre las \u00faltimas novedades de Frit Ravich!\" \/>\n<meta property=\"og:description\" content=\"En nuestra secci\u00f3n Buenos momentos encontrar\u00e1s curiosidades sobre patatas, sancks y frutos secos, nuestras \u00faltimas propuestas...\" \/>\n<meta property=\"og:url\" content=\"https:\/\/www.fritravich.com\/ca\/bons-moments\/\" \/>\n<meta property=\"og:site_name\" content=\"Frit Ravich\" \/>\n<meta property=\"article:publisher\" content=\"https:\/\/www.facebook.com\/FritRavich\/\" \/>\n<meta property=\"article:modified_time\" content=\"2017-07-24T11:42:35+00:00\" \/>\n<meta property=\"og:image\" content=\"http:\/\/www.fritravich.com\/wp-content\/uploads\/2017\/06\/LOGO_FRIT_RAVICH_FB.jpg\" \/>\n<script type=\"application\/ld+json\" class=\"yoast-schema-graph\">{\"@context\":\"https:\\\/\\\/schema.org\",\"@graph\":[{\"@type\":\"WebPage\",\"@id\":\"https:\\\/\\\/www.fritravich.com\\\/ca\\\/bons-moments\\\/\",\"url\":\"https:\\\/\\\/www.fritravich.com\\\/ca\\\/bons-moments\\\/\",\"name\":\"BONS MOMENTS | Assabenta't de les darreres novetats de Frit Ravich!\",\"isPartOf\":{\"@id\":\"https:\\\/\\\/www.fritravich.com\\\/#website\"},\"datePublished\":\"2017-05-25T10:40:47+00:00\",\"dateModified\":\"2017-07-24T11:42:35+00:00\",\"description\":\"A la secci\u00f3 de Bons Moments trobar\u00e0s curiositats sobre patates, snacks i fruits secs... i molt m\u00e9s!\",\"breadcrumb\":{\"@id\":\"https:\\\/\\\/www.fritravich.com\\\/ca\\\/bons-moments\\\/#breadcrumb\"},\"inLanguage\":\"ca\",\"potentialAction\":[{\"@type\":\"ReadAction\",\"target\":[\"https:\\\/\\\/www.fritravich.com\\\/ca\\\/bons-moments\\\/\"]}]},{\"@type\":\"BreadcrumbList\",\"@id\":\"https:\\\/\\\/www.fritravich.com\\\/ca\\\/bons-moments\\\/#breadcrumb\",\"itemListElement\":[{\"@type\":\"ListItem\",\"position\":1,\"name\":\"Portada\",\"item\":\"https:\\\/\\\/www.fritravich.com\\\/ca\\\/\"},{\"@type\":\"ListItem\",\"position\":2,\"name\":\"#Bonsmoments\"}]},{\"@type\":\"WebSite\",\"@id\":\"https:\\\/\\\/www.fritravich.com\\\/#website\",\"url\":\"https:\\\/\\\/www.fritravich.com\\\/\",\"name\":\"Frit Ravich\",\"description\":\"Empieza un buen momento\",\"potentialAction\":[{\"@type\":\"SearchAction\",\"target\":{\"@type\":\"EntryPoint\",\"urlTemplate\":\"https:\\\/\\\/www.fritravich.com\\\/?s={search_term_string}\"},\"query-input\":{\"@type\":\"PropertyValueSpecification\",\"valueRequired\":true,\"valueName\":\"search_term_string\"}}],\"inLanguage\":\"ca\"}]}<\/script>\n<!-- \/ Yoast SEO plugin. -->","yoast_head_json":{"title":"BONS MOMENTS | Assabenta't de les darreres novetats de Frit Ravich!","description":"A la secci\u00f3 de Bons Moments trobar\u00e0s curiositats sobre patates, snacks i fruits secs... i molt m\u00e9s!","robots":{"index":"index","follow":"follow","max-snippet":"max-snippet:-1","max-image-preview":"max-image-preview:large","max-video-preview":"max-video-preview:-1"},"canonical":"https:\/\/www.fritravich.com\/ca\/bons-moments\/","og_locale":"ca_ES","og_type":"article","og_title":"BUENOS MOMENTOS | \u00a1Descubre las \u00faltimas novedades de Frit Ravich!","og_description":"En nuestra secci\u00f3n Buenos momentos encontrar\u00e1s curiosidades sobre patatas, sancks y frutos secos, nuestras \u00faltimas propuestas...","og_url":"https:\/\/www.fritravich.com\/ca\/bons-moments\/","og_site_name":"Frit Ravich","article_publisher":"https:\/\/www.facebook.com\/FritRavich\/","article_modified_time":"2017-07-24T11:42:35+00:00","og_image":[{"url":"http:\/\/www.fritravich.com\/wp-content\/uploads\/2017\/06\/LOGO_FRIT_RAVICH_FB.jpg","type":"","width":"","height":""}],"schema":{"@context":"https:\/\/schema.org","@graph":[{"@type":"WebPage","@id":"https:\/\/www.fritravich.com\/ca\/bons-moments\/","url":"https:\/\/www.fritravich.com\/ca\/bons-moments\/","name":"BONS MOMENTS | Assabenta't de les darreres novetats de Frit Ravich!","isPartOf":{"@id":"https:\/\/www.fritravich.com\/#website"},"datePublished":"2017-05-25T10:40:47+00:00","dateModified":"2017-07-24T11:42:35+00:00","description":"A la secci\u00f3 de Bons Moments trobar\u00e0s curiositats sobre patates, snacks i fruits secs... i molt m\u00e9s!","breadcrumb":{"@id":"https:\/\/www.fritravich.com\/ca\/bons-moments\/#breadcrumb"},"inLanguage":"ca","potentialAction":[{"@type":"ReadAction","target":["https:\/\/www.fritravich.com\/ca\/bons-moments\/"]}]},{"@type":"BreadcrumbList","@id":"https:\/\/www.fritravich.com\/ca\/bons-moments\/#breadcrumb","itemListElement":[{"@type":"ListItem","position":1,"name":"Portada","item":"https:\/\/www.fritravich.com\/ca\/"},{"@type":"ListItem","position":2,"name":"#Bonsmoments"}]},{"@type":"WebSite","@id":"https:\/\/www.fritravich.com\/#website","url":"https:\/\/www.fritravich.com\/","name":"Frit Ravich","description":"Empieza un buen momento","potentialAction":[{"@type":"SearchAction","target":{"@type":"EntryPoint","urlTemplate":"https:\/\/www.fritravich.com\/?s={search_term_string}"},"query-input":{"@type":"PropertyValueSpecification","valueRequired":true,"valueName":"search_term_string"}}],"inLanguage":"ca"}]}},"_links":{"self":[{"href":"https:\/\/www.fritravich.com\/ca\/wp-json\/wp\/v2\/pages\/2439","targetHints":{"allow":["GET"]}}],"collection":[{"href":"https:\/\/www.fritravich.com\/ca\/wp-json\/wp\/v2\/pages"}],"about":[{"href":"https:\/\/www.fritravich.com\/ca\/wp-json\/wp\/v2\/types\/page"}],"author":[{"embeddable":true,"href":"https:\/\/www.fritravich.com\/ca\/wp-json\/wp\/v2\/users\/1"}],"replies":[{"embeddable":true,"href":"https:\/\/www.fritravich.com\/ca\/wp-json\/wp\/v2\/comments?post=2439"}],"version-history":[{"count":2,"href":"https:\/\/www.fritravich.com\/ca\/wp-json\/wp\/v2\/pages\/2439\/revisions"}],"predecessor-version":[{"id":2487,"href":"https:\/\/www.fritravich.com\/ca\/wp-json\/wp\/v2\/pages\/2439\/revisions\/2487"}],"wp:attachment":[{"href":"https:\/\/www.fritravich.com\/ca\/wp-json\/wp\/v2\/media?parent=2439"}],"curies":[{"name":"wp","href":"https:\/\/api.w.org\/{rel}","templated":true}]}}