{"id":2446,"date":"2015-02-18T08:52:58","date_gmt":"2015-02-18T08:52:58","guid":{"rendered":"http:\/\/www.fritravich.com\/aviso-legal\/"},"modified":"2018-06-14T13:00:42","modified_gmt":"2018-06-14T13:00:42","slug":"avis-legal","status":"publish","type":"page","link":"https:\/\/www.fritravich.com\/ca\/avis-legal\/","title":{"rendered":"Av\u00eds legal"},"content":{"rendered":"<p>En compliment del que preveu la Llei 34\/2002, d\u201911 de juliol, de serveis de la societat de la informaci\u00f3 i de comer\u00e7 electr\u00f2nic, s\u2019informa els usuaris que el titular d\u2019aquesta p\u00e0gina web \u00e9s Frit Ravich, SL, amb NIF B17023995 i amb domicili social a C\/ Riudellots (Pg. Ind. Puig Ti\u00f3), s\/n, 17412 &#8211; Ma\u00e7anet de la Selva (Girona). Frit Ravich, SL figura inscrita al Registre Mercantil de Girona, secci\u00f3 8, tom 387, llibre 131, full GI-7 323. Podeu contactar amb nosaltres mitjan\u00e7ant l&#8217;adre\u00e7a de correu electr\u00f2nic seg\u00fcent: lopd@fritravich.com.<\/p>\n<p>Aquesta p\u00e0gina web cont\u00e9 informaci\u00f3, fotografies, v\u00eddeos, dissenys, marques, signes distintius, gr\u00e0fics, m\u00fasica, imatges, programari i altres materials (en endavant, \u201cel Contingut\u201d) que poden ser objecte de protecci\u00f3 per drets de propietat intel\u2022lectual o industrial. Aquest contingut \u00e9s propietat de Frit Ravich, SL o de tercers que els n&#8217;han atorgat la llic\u00e8ncia d&#8217;utilitzaci\u00f3. L&#8217;\u00fas de la p\u00e0gina web no atribueix a l&#8217;usuari cap dret sobre el Contingut. L\u2019usuari d\u2019aquesta p\u00e0gina web est\u00e0 d\u2019acord i coneix que Frit Ravich, SL permet accedir al Contingut esmentat, per\u00f2 que aquest Contingut est\u00e0 protegit per les lleis de propietat intel\u2022lectual i industrial (en endavant, \u201cels Drets\u201d), aix\u00ed com que aquests Drets s\u00f3n plenament v\u00e0lids i efica\u00e7os.<\/p>\n<p>En conseq\u00fc\u00e8ncia, excepte que Frit Ravich, SL o, si escau, els tercers titulars dels Drets ho autoritzin expressament, l\u2019usuari no pot modificar, transformar, publicar ni transmetre cap dels Continguts de manera parcial ni totalit\u00e0ria. Igualment, no pot dur a terme cap altre acte de comunicaci\u00f3 p\u00fablica, de reproducci\u00f3, de creaci\u00f3 de treballs derivats de la distribuci\u00f3 ni explotar de cap manera qualsevol dels Continguts, ja sigui de forma parcial o total.<\/p>\n<p>Frit Ravich, SL pot fer les modificacions t\u00e8cniques que siguin necess\u00e0ries per millorar la qualitat, el rendiment, l&#8217;efic\u00e0cia del sistema i la connexi\u00f3 a xarxes tem\u00e0tiques o d&#8217;Internet.<\/p>\n<p><u class=\"subrayado-rojo\">Pol\u00edtica de privacitat i protecci\u00f3 de dades de car\u00e0cter personal <\/u><\/p>\n<p>En participar a l&#8217;\u00e0rea de clients, aix\u00ed com en formular una consulta a trav\u00e9s del formulari de la p\u00e0gina web <em>&#8220;www.fritravich.com&#8221;<\/em> (el <strong>&#8220;Web&#8221;),<\/strong> FRIT RAVICH, S.L. recull les dades personals de cada usuari, el tractament de les quals es regeix per aquesta pol\u00edtica de privacitat (<strong>&#8220;Pol\u00edtica de privacitat&#8221;).<\/strong><\/p>\n<p>El responsable del tractament de les dades personals que l&#8217;Usuari (en endavant, l&#8217;<strong>&#8220;Interessat&#8221;)<\/strong> faciliti, tant en el moment de registrar-se al portal de clients com per formular-hi alguna consulta a trav\u00e9s del formulari de contacte i amb posterioritat, \u00e9s FRIT RAVICH, S.L., amb domicili social a Ma\u00e7anet de la Selva (17412, Girona), carretera de Riudellots, s\/n, Pol\u00edgon Industrial Puigti\u00f3, i prove\u00eft de NIF B-17023995.<\/p>\n<p>Les dades personals de l&#8217;Interessat seran tractades per a les seg\u00fcents finalitats:<\/p>\n<ul style=\"color: #000; font-family: patronregular; font-size: 1rem; line-height: 1.5rem; margin-top: 30px;\">\n<li>Per gestionar el registre dels usuaris a l&#8217;\u00e0rea de clients del Web i el seu \u00fas per part dels usuaris;<\/li>\n<li>Per gestionar les consultes o peticions que es puguin fer a trav\u00e9s del formulari de contacte; i<\/li>\n<li>Si aix\u00ed ho sol\u00b7licita, per remetre-li publicitat a l&#8217;Usuari, fins i tot per mitjans electr\u00f2nics, sobre els productes comercialitzats per part de FRIT RAVICH, S.L., propis o de tercers, pertanyents al sector de l&#8217;alimentaci\u00f3, que puguin ser de l&#8217;inter\u00e8s de l&#8217;Usuari.<\/li>\n<\/ul>\n<p>La base jur\u00eddica del tractament \u00e9s l&#8217;execuci\u00f3 de la relaci\u00f3 contractual entre l&#8217;Usuari i FRIT RAVICH en el cas de l&#8217;\u00fas de l&#8217;\u00e0rea de clients, i en el cas de l&#8217;\u00fas del formulari de contacte l&#8217;inter\u00e8s leg\u00edtim per poder contestar les seves peticions, el tractament de les dades personals \u00e9s estrictament necessari per poder utilitzar l&#8217;\u00e0rea de clients del Web i, si escau, poder resoldre les seves consultes. Pel que fa a l&#8217;enviament de comunicacions comercials electr\u00f2niques, la base jur\u00eddica \u00e9s el consentiment prestat per l&#8217;Interessat, que podr\u00e0 revocar en qualsevol moment sense que aix\u00f2 afecti l&#8217;acc\u00e9s i utilitzaci\u00f3 del Web per part de l&#8217;Usuari.<\/p>\n<p>FRIT RAVICH, S.L. podr\u00e0 comunicar les dades personals dels interessats quan aix\u00ed se li requereixi per llei o per a la defensa dels seus drets i interessos leg\u00edtims. De la mateixa manera, FRIT RAVICH es val de terceres empreses per a la prestaci\u00f3 de determinats serveis disponibles a trav\u00e9s del Web i altres entitats que presten serveis de suport t\u00e8cnic i inform\u00e0tic.<\/p>\n<p>FRIT RAVICH, S.L. en cap cas dur\u00e0 a terme transfer\u00e8ncies internacionals de les seves dades personals a cap pa\u00eds tercer o organitzaci\u00f3 internacional que es trobi fora de la Uni\u00f3 Europea o de l&#8217;Espai Econ\u00f2mic Europeu, ni les dades mencionades seran objecte de decisions automatitzades.<\/p>\n<p>FRIT RAVICH, S.L. conserva les dades personals dels interessats mentre l&#8217;Usuari tingui aquesta condici\u00f3 o fins que s&#8217;hagi donat resposta a les peticions formulades per mitj\u00e0 de l&#8217;espai dedicat a aquest efecte al Web, i les conservar\u00e0 amb posterioritat a la finalitzaci\u00f3 d&#8217;aquestes relacions durant el termini de prescripci\u00f3 de les pertinents accions legals, per tal d&#8217;atendre les responsabilitats que se&#8217;n puguin derivar. Les dades necess\u00e0ries per remetre-li comunicacions comercials electr\u00f2niques seran tractades mentre l&#8217;Interessat no revoqui el consentiment que ha prestat i, un cop s&#8217;hagi retirat, durant un termini de tres anys per respondre per les responsabilitats que puguin haver-se originat. En tot cas, quan les dades personals no siguin necess\u00e0ries per a la finalitat per a la qual van ser recollides i mentre no es procedeixi a la seva cancel\u00b7laci\u00f3 definitiva, es conservaran de forma bloquejada.<\/p>\n<p>Els interessats tenen dret, en els termes reconeguts per la legislaci\u00f3 vigent, a accedir a les seves dades personals, sol\u00b7licitar-ne la rectificaci\u00f3 o supressi\u00f3, demanar que es limiti el tractament de la seva informaci\u00f3 personal o oposar-s&#8217;hi, aix\u00ed com el dret a obtenir la portabilitat de les seves dades personals i a revocar el consentiment donat en relaci\u00f3 amb l&#8217;enviament de comunicacions comercials electr\u00f2niques sense que aix\u00f2 afecti la prestaci\u00f3 dels serveis oferts a trav\u00e9s del Web. Amb aquesta finalitat, podran posar-se en contacte amb FRIT RAVICH mitjan\u00e7ant correu electr\u00f2nic (lopd@fritravich.com) o b\u00e9 mitjan\u00e7ant comunicaci\u00f3 escrita dirigida a FRIT RAVICH, S.L.: Ma\u00e7anet de la Selva (17412, Girona), carretera de Riudellots, s\/n, Pol\u00edgon Industrial Puigti\u00f3. Aix\u00ed mateix, l&#8217;Interessat podr\u00e0 presentar una reclamaci\u00f3 davant l&#8217;Ag\u00e8ncia Espanyola de Protecci\u00f3 de Dades o una altra autoritat competent.<\/p>\n<p>L&#8217;Interessat es compromet a notificar qualsevol canvi o modificaci\u00f3 de les dades personals que hagi facilitat. Qualsevol p\u00e8rdua o dany causat al Web, a FRIT RAVICH, S.L. o a qualsevol tercer mitjan\u00e7ant la comunicaci\u00f3 d&#8217;informaci\u00f3 err\u00f2nia, inexacta o incompleta ser\u00e0 responsabilitat \u00fanica i exclusiva de l&#8217;Usuari.<\/p>\n<p>&nbsp;<\/p>\n","protected":false},"excerpt":{"rendered":"<p>En compliment del que preveu la Llei 34\/2002, d\u201911 de juliol, de serveis de la [&hellip;]<\/p>\n","protected":false},"author":1,"featured_media":0,"parent":0,"menu_order":79,"comment_status":"closed","ping_status":"closed","template":"page-generica.php","meta":{"_acf_changed":false,"_monsterinsights_skip_tracking":false,"_monsterinsights_sitenote_active":false,"_monsterinsights_sitenote_note":"","_monsterinsights_sitenote_category":0,"footnotes":""},"class_list":["post-2446","page","type-page","status-publish","hentry"],"acf":[],"yoast_head":"<!-- This site is optimized with the Yoast SEO plugin v27.3 - https:\/\/yoast.com\/product\/yoast-seo-wordpress\/ -->\n<title>AV\u00cdS LEGAL | FRIT RAVICH<\/title>\n<meta name=\"description\" content=\"Para dar cumplimiento con lo establecido en la Ley 34\/2002 de 11 de julio de servicios de la sociedad de la informaci\u00f3n y de comercio electr\u00f3nico...\" \/>\n<meta name=\"robots\" content=\"index, follow, max-snippet:-1, max-image-preview:large, max-video-preview:-1\" \/>\n<link rel=\"canonical\" href=\"https:\/\/www.fritravich.com\/ca\/avis-legal\/\" \/>\n<meta property=\"og:locale\" content=\"ca_ES\" \/>\n<meta property=\"og:type\" content=\"article\" \/>\n<meta property=\"og:title\" content=\"AV\u00cdS LEGAL | FRIT RAVICH\" \/>\n<meta property=\"og:description\" content=\"Per a complir amb el que estableix la Llei 34\/2002 de 11 de juliol de serveis de la societat de la informaci\u00f3 i de comer\u00e7 electr\u00f2nic ...\" \/>\n<meta property=\"og:url\" content=\"https:\/\/www.fritravich.com\/ca\/avis-legal\/\" \/>\n<meta property=\"og:site_name\" content=\"Frit Ravich\" \/>\n<meta property=\"article:publisher\" content=\"https:\/\/www.facebook.com\/FritRavich\/\" \/>\n<meta property=\"article:modified_time\" content=\"2018-06-14T13:00:42+00:00\" \/>\n<meta property=\"og:image\" content=\"http:\/\/www.fritravich.com\/wp-content\/uploads\/2017\/06\/LOGO_FRIT_RAVICH_FB.jpg\" \/>\n<meta name=\"twitter:label1\" content=\"Temps estimat de lectura\" \/>\n\t<meta name=\"twitter:data1\" content=\"6 minuts\" \/>\n<script type=\"application\/ld+json\" class=\"yoast-schema-graph\">{\"@context\":\"https:\\\/\\\/schema.org\",\"@graph\":[{\"@type\":\"WebPage\",\"@id\":\"https:\\\/\\\/www.fritravich.com\\\/ca\\\/avis-legal\\\/\",\"url\":\"https:\\\/\\\/www.fritravich.com\\\/ca\\\/avis-legal\\\/\",\"name\":\"AV\u00cdS LEGAL | FRIT RAVICH\",\"isPartOf\":{\"@id\":\"https:\\\/\\\/www.fritravich.com\\\/#website\"},\"datePublished\":\"2015-02-18T08:52:58+00:00\",\"dateModified\":\"2018-06-14T13:00:42+00:00\",\"description\":\"Para dar cumplimiento con lo establecido en la Ley 34\\\/2002 de 11 de julio de servicios de la sociedad de la informaci\u00f3n y de comercio electr\u00f3nico...\",\"breadcrumb\":{\"@id\":\"https:\\\/\\\/www.fritravich.com\\\/ca\\\/avis-legal\\\/#breadcrumb\"},\"inLanguage\":\"ca\",\"potentialAction\":[{\"@type\":\"ReadAction\",\"target\":[\"https:\\\/\\\/www.fritravich.com\\\/ca\\\/avis-legal\\\/\"]}]},{\"@type\":\"BreadcrumbList\",\"@id\":\"https:\\\/\\\/www.fritravich.com\\\/ca\\\/avis-legal\\\/#breadcrumb\",\"itemListElement\":[{\"@type\":\"ListItem\",\"position\":1,\"name\":\"Portada\",\"item\":\"https:\\\/\\\/www.fritravich.com\\\/ca\\\/\"},{\"@type\":\"ListItem\",\"position\":2,\"name\":\"Av\u00eds legal\"}]},{\"@type\":\"WebSite\",\"@id\":\"https:\\\/\\\/www.fritravich.com\\\/#website\",\"url\":\"https:\\\/\\\/www.fritravich.com\\\/\",\"name\":\"Frit Ravich\",\"description\":\"Empieza un buen momento\",\"potentialAction\":[{\"@type\":\"SearchAction\",\"target\":{\"@type\":\"EntryPoint\",\"urlTemplate\":\"https:\\\/\\\/www.fritravich.com\\\/?s={search_term_string}\"},\"query-input\":{\"@type\":\"PropertyValueSpecification\",\"valueRequired\":true,\"valueName\":\"search_term_string\"}}],\"inLanguage\":\"ca\"}]}<\/script>\n<!-- \/ Yoast SEO plugin. -->","yoast_head_json":{"title":"AV\u00cdS LEGAL | FRIT RAVICH","description":"Para dar cumplimiento con lo establecido en la Ley 34\/2002 de 11 de julio de servicios de la sociedad de la informaci\u00f3n y de comercio electr\u00f3nico...","robots":{"index":"index","follow":"follow","max-snippet":"max-snippet:-1","max-image-preview":"max-image-preview:large","max-video-preview":"max-video-preview:-1"},"canonical":"https:\/\/www.fritravich.com\/ca\/avis-legal\/","og_locale":"ca_ES","og_type":"article","og_title":"AV\u00cdS LEGAL | FRIT RAVICH","og_description":"Per a complir amb el que estableix la Llei 34\/2002 de 11 de juliol de serveis de la societat de la informaci\u00f3 i de comer\u00e7 electr\u00f2nic ...","og_url":"https:\/\/www.fritravich.com\/ca\/avis-legal\/","og_site_name":"Frit Ravich","article_publisher":"https:\/\/www.facebook.com\/FritRavich\/","article_modified_time":"2018-06-14T13:00:42+00:00","og_image":[{"url":"http:\/\/www.fritravich.com\/wp-content\/uploads\/2017\/06\/LOGO_FRIT_RAVICH_FB.jpg","type":"","width":"","height":""}],"twitter_misc":{"Temps estimat de lectura":"6 minuts"},"schema":{"@context":"https:\/\/schema.org","@graph":[{"@type":"WebPage","@id":"https:\/\/www.fritravich.com\/ca\/avis-legal\/","url":"https:\/\/www.fritravich.com\/ca\/avis-legal\/","name":"AV\u00cdS LEGAL | FRIT RAVICH","isPartOf":{"@id":"https:\/\/www.fritravich.com\/#website"},"datePublished":"2015-02-18T08:52:58+00:00","dateModified":"2018-06-14T13:00:42+00:00","description":"Para dar cumplimiento con lo establecido en la Ley 34\/2002 de 11 de julio de servicios de la sociedad de la informaci\u00f3n y de comercio electr\u00f3nico...","breadcrumb":{"@id":"https:\/\/www.fritravich.com\/ca\/avis-legal\/#breadcrumb"},"inLanguage":"ca","potentialAction":[{"@type":"ReadAction","target":["https:\/\/www.fritravich.com\/ca\/avis-legal\/"]}]},{"@type":"BreadcrumbList","@id":"https:\/\/www.fritravich.com\/ca\/avis-legal\/#breadcrumb","itemListElement":[{"@type":"ListItem","position":1,"name":"Portada","item":"https:\/\/www.fritravich.com\/ca\/"},{"@type":"ListItem","position":2,"name":"Av\u00eds legal"}]},{"@type":"WebSite","@id":"https:\/\/www.fritravich.com\/#website","url":"https:\/\/www.fritravich.com\/","name":"Frit Ravich","description":"Empieza un buen momento","potentialAction":[{"@type":"SearchAction","target":{"@type":"EntryPoint","urlTemplate":"https:\/\/www.fritravich.com\/?s={search_term_string}"},"query-input":{"@type":"PropertyValueSpecification","valueRequired":true,"valueName":"search_term_string"}}],"inLanguage":"ca"}]}},"_links":{"self":[{"href":"https:\/\/www.fritravich.com\/ca\/wp-json\/wp\/v2\/pages\/2446","targetHints":{"allow":["GET"]}}],"collection":[{"href":"https:\/\/www.fritravich.com\/ca\/wp-json\/wp\/v2\/pages"}],"about":[{"href":"https:\/\/www.fritravich.com\/ca\/wp-json\/wp\/v2\/types\/page"}],"author":[{"embeddable":true,"href":"https:\/\/www.fritravich.com\/ca\/wp-json\/wp\/v2\/users\/1"}],"replies":[{"embeddable":true,"href":"https:\/\/www.fritravich.com\/ca\/wp-json\/wp\/v2\/comments?post=2446"}],"version-history":[{"count":7,"href":"https:\/\/www.fritravich.com\/ca\/wp-json\/wp\/v2\/pages\/2446\/revisions"}],"predecessor-version":[{"id":5933,"href":"https:\/\/www.fritravich.com\/ca\/wp-json\/wp\/v2\/pages\/2446\/revisions\/5933"}],"wp:attachment":[{"href":"https:\/\/www.fritravich.com\/ca\/wp-json\/wp\/v2\/media?parent=2446"}],"curies":[{"name":"wp","href":"https:\/\/api.w.org\/{rel}","templated":true}]}}