{"id":2453,"date":"2015-02-16T10:22:57","date_gmt":"2015-02-16T10:22:57","guid":{"rendered":"http:\/\/www.fritravich.com\/noticias\/"},"modified":"2017-08-02T06:51:34","modified_gmt":"2017-08-02T06:51:34","slug":"noticies","status":"publish","type":"page","link":"https:\/\/www.fritravich.com\/ca\/nosaltres\/noticies\/","title":{"rendered":"Not\u00edcies"},"content":{"rendered":"","protected":false},"excerpt":{"rendered":"","protected":false},"author":1,"featured_media":0,"parent":2465,"menu_order":97,"comment_status":"closed","ping_status":"closed","template":"page-noticias.php","meta":{"_acf_changed":false,"_monsterinsights_skip_tracking":false,"_monsterinsights_sitenote_active":false,"_monsterinsights_sitenote_note":"","_monsterinsights_sitenote_category":0,"footnotes":""},"class_list":["post-2453","page","type-page","status-publish","hentry"],"acf":[],"yoast_head":"<!-- This site is optimized with the Yoast SEO plugin v27.3 - https:\/\/yoast.com\/product\/yoast-seo-wordpress\/ -->\n<title>NOT\u00cdCIES | FRIT RAVICH<\/title>\n<meta name=\"description\" content=\"Informa&#039;t de les darreres not\u00edcies sobre Frit Ravich al nostre blog corporatiu.\" \/>\n<meta name=\"robots\" content=\"index, follow, max-snippet:-1, max-image-preview:large, max-video-preview:-1\" \/>\n<link rel=\"canonical\" href=\"https:\/\/www.fritravich.com\/ca\/nosaltres\/noticies\/\" \/>\n<meta property=\"og:locale\" content=\"ca_ES\" \/>\n<meta property=\"og:type\" content=\"article\" \/>\n<meta property=\"og:title\" content=\"NOTIC\u00cdES | FRIT RAVICH\" \/>\n<meta property=\"og:description\" content=\"T&#039;informem sobre les \u00faltimes not\u00edcies de Frit Ravich al nostre blog corporatiu.\" \/>\n<meta property=\"og:url\" content=\"https:\/\/www.fritravich.com\/ca\/nosaltres\/noticies\/\" \/>\n<meta property=\"og:site_name\" content=\"Frit Ravich\" \/>\n<meta property=\"article:publisher\" content=\"https:\/\/www.facebook.com\/FritRavich\/\" \/>\n<meta property=\"article:modified_time\" content=\"2017-08-02T06:51:34+00:00\" \/>\n<meta property=\"og:image\" content=\"http:\/\/www.fritravich.com\/wp-content\/uploads\/2017\/06\/LOGO_FRIT_RAVICH_FB.jpg\" \/>\n<script type=\"application\/ld+json\" class=\"yoast-schema-graph\">{\"@context\":\"https:\\\/\\\/schema.org\",\"@graph\":[{\"@type\":\"WebPage\",\"@id\":\"https:\\\/\\\/www.fritravich.com\\\/ca\\\/nosaltres\\\/noticies\\\/\",\"url\":\"https:\\\/\\\/www.fritravich.com\\\/ca\\\/nosaltres\\\/noticies\\\/\",\"name\":\"NOT\u00cdCIES | FRIT RAVICH\",\"isPartOf\":{\"@id\":\"https:\\\/\\\/www.fritravich.com\\\/#website\"},\"datePublished\":\"2015-02-16T10:22:57+00:00\",\"dateModified\":\"2017-08-02T06:51:34+00:00\",\"description\":\"Informa't de les darreres not\u00edcies sobre Frit Ravich al nostre blog corporatiu.\",\"breadcrumb\":{\"@id\":\"https:\\\/\\\/www.fritravich.com\\\/ca\\\/nosaltres\\\/noticies\\\/#breadcrumb\"},\"inLanguage\":\"ca\",\"potentialAction\":[{\"@type\":\"ReadAction\",\"target\":[\"https:\\\/\\\/www.fritravich.com\\\/ca\\\/nosaltres\\\/noticies\\\/\"]}]},{\"@type\":\"BreadcrumbList\",\"@id\":\"https:\\\/\\\/www.fritravich.com\\\/ca\\\/nosaltres\\\/noticies\\\/#breadcrumb\",\"itemListElement\":[{\"@type\":\"ListItem\",\"position\":1,\"name\":\"Portada\",\"item\":\"https:\\\/\\\/www.fritravich.com\\\/ca\\\/\"},{\"@type\":\"ListItem\",\"position\":2,\"name\":\"Nosaltres\",\"item\":\"https:\\\/\\\/www.fritravich.com\\\/ca\\\/nosaltres\\\/\"},{\"@type\":\"ListItem\",\"position\":3,\"name\":\"Not\u00edcies\"}]},{\"@type\":\"WebSite\",\"@id\":\"https:\\\/\\\/www.fritravich.com\\\/#website\",\"url\":\"https:\\\/\\\/www.fritravich.com\\\/\",\"name\":\"Frit Ravich\",\"description\":\"Empieza un buen momento\",\"potentialAction\":[{\"@type\":\"SearchAction\",\"target\":{\"@type\":\"EntryPoint\",\"urlTemplate\":\"https:\\\/\\\/www.fritravich.com\\\/?s={search_term_string}\"},\"query-input\":{\"@type\":\"PropertyValueSpecification\",\"valueRequired\":true,\"valueName\":\"search_term_string\"}}],\"inLanguage\":\"ca\"}]}<\/script>\n<!-- \/ Yoast SEO plugin. -->","yoast_head_json":{"title":"NOT\u00cdCIES | FRIT RAVICH","description":"Informa't de les darreres not\u00edcies sobre Frit Ravich al nostre blog corporatiu.","robots":{"index":"index","follow":"follow","max-snippet":"max-snippet:-1","max-image-preview":"max-image-preview:large","max-video-preview":"max-video-preview:-1"},"canonical":"https:\/\/www.fritravich.com\/ca\/nosaltres\/noticies\/","og_locale":"ca_ES","og_type":"article","og_title":"NOTIC\u00cdES | FRIT RAVICH","og_description":"T'informem sobre les \u00faltimes not\u00edcies de Frit Ravich al nostre blog corporatiu.","og_url":"https:\/\/www.fritravich.com\/ca\/nosaltres\/noticies\/","og_site_name":"Frit Ravich","article_publisher":"https:\/\/www.facebook.com\/FritRavich\/","article_modified_time":"2017-08-02T06:51:34+00:00","og_image":[{"url":"http:\/\/www.fritravich.com\/wp-content\/uploads\/2017\/06\/LOGO_FRIT_RAVICH_FB.jpg","type":"","width":"","height":""}],"schema":{"@context":"https:\/\/schema.org","@graph":[{"@type":"WebPage","@id":"https:\/\/www.fritravich.com\/ca\/nosaltres\/noticies\/","url":"https:\/\/www.fritravich.com\/ca\/nosaltres\/noticies\/","name":"NOT\u00cdCIES | FRIT RAVICH","isPartOf":{"@id":"https:\/\/www.fritravich.com\/#website"},"datePublished":"2015-02-16T10:22:57+00:00","dateModified":"2017-08-02T06:51:34+00:00","description":"Informa't de les darreres not\u00edcies sobre Frit Ravich al nostre blog corporatiu.","breadcrumb":{"@id":"https:\/\/www.fritravich.com\/ca\/nosaltres\/noticies\/#breadcrumb"},"inLanguage":"ca","potentialAction":[{"@type":"ReadAction","target":["https:\/\/www.fritravich.com\/ca\/nosaltres\/noticies\/"]}]},{"@type":"BreadcrumbList","@id":"https:\/\/www.fritravich.com\/ca\/nosaltres\/noticies\/#breadcrumb","itemListElement":[{"@type":"ListItem","position":1,"name":"Portada","item":"https:\/\/www.fritravich.com\/ca\/"},{"@type":"ListItem","position":2,"name":"Nosaltres","item":"https:\/\/www.fritravich.com\/ca\/nosaltres\/"},{"@type":"ListItem","position":3,"name":"Not\u00edcies"}]},{"@type":"WebSite","@id":"https:\/\/www.fritravich.com\/#website","url":"https:\/\/www.fritravich.com\/","name":"Frit Ravich","description":"Empieza un buen momento","potentialAction":[{"@type":"SearchAction","target":{"@type":"EntryPoint","urlTemplate":"https:\/\/www.fritravich.com\/?s={search_term_string}"},"query-input":{"@type":"PropertyValueSpecification","valueRequired":true,"valueName":"search_term_string"}}],"inLanguage":"ca"}]}},"_links":{"self":[{"href":"https:\/\/www.fritravich.com\/ca\/wp-json\/wp\/v2\/pages\/2453","targetHints":{"allow":["GET"]}}],"collection":[{"href":"https:\/\/www.fritravich.com\/ca\/wp-json\/wp\/v2\/pages"}],"about":[{"href":"https:\/\/www.fritravich.com\/ca\/wp-json\/wp\/v2\/types\/page"}],"author":[{"embeddable":true,"href":"https:\/\/www.fritravich.com\/ca\/wp-json\/wp\/v2\/users\/1"}],"replies":[{"embeddable":true,"href":"https:\/\/www.fritravich.com\/ca\/wp-json\/wp\/v2\/comments?post=2453"}],"version-history":[{"count":2,"href":"https:\/\/www.fritravich.com\/ca\/wp-json\/wp\/v2\/pages\/2453\/revisions"}],"predecessor-version":[{"id":2482,"href":"https:\/\/www.fritravich.com\/ca\/wp-json\/wp\/v2\/pages\/2453\/revisions\/2482"}],"up":[{"embeddable":true,"href":"https:\/\/www.fritravich.com\/ca\/wp-json\/wp\/v2\/pages\/2465"}],"wp:attachment":[{"href":"https:\/\/www.fritravich.com\/ca\/wp-json\/wp\/v2\/media?parent=2453"}],"curies":[{"name":"wp","href":"https:\/\/api.w.org\/{rel}","templated":true}]}}