{"id":2459,"date":"2017-05-25T10:38:05","date_gmt":"2017-05-25T10:38:05","guid":{"rendered":"http:\/\/www.fritravich.com\/quienes-somos\/"},"modified":"2025-04-14T09:50:07","modified_gmt":"2025-04-14T09:50:07","slug":"qui-som","status":"publish","type":"page","link":"https:\/\/www.fritravich.com\/ca\/nosaltres\/qui-som\/","title":{"rendered":"Qui som"},"content":{"rendered":"<p>Frit Ravich \u00e9s una empresa familiar fundada l&#8217;any 1963 per Josep Maria Viader, actual president, i dirigida des de 1997 per la seva filla Judith Viader, qui va prendre el relleu generacional de la propietat de l&#8217;empresa liderant l&#8217;expansi\u00f3 de negoci i el desenvolupament de la marca i la distribuci\u00f3.<\/p>\n<p>Som fabricants de Patates Xips, Snacks i Fruits Secs amb marca pr\u00f2pia i distribu\u00efdors de marques externes d&#8217;empreses tant consolidades com Mars Espanya, Nestl\u00e9 o Ferrero, atenent 50.000 punts de venda setmanalment. Operem en el canal Alimentaci\u00f3, Hosteleria, Impuls i Granel. Aquest model de gesti\u00f3 dual ens permet aprofitar el millor dels dos mons per aportar valor als nostres consumidors i clients.<\/p>\n<p>Hem tancat 2024 amb unes vendes de 332 milions d&#8217;euros i amb un equip de prop de 1.200 professionals. Estem presents en el territori nacional i, des de 2015, amb la nostra filial a Fran\u00e7a. A m\u00e9s, tenim pres\u00e8ncia internacional en m\u00e9s de 25 pa\u00efsos.<\/p>\n","protected":false},"excerpt":{"rendered":"<p>Frit Ravich \u00e9s una empresa familiar fundada l&#8217;any 1963 per Josep Maria Viader, actual president, [&hellip;]<\/p>\n","protected":false},"author":1,"featured_media":10458,"parent":2465,"menu_order":76,"comment_status":"closed","ping_status":"closed","template":"page-quienessomos.php","meta":{"_acf_changed":false,"_monsterinsights_skip_tracking":false,"_monsterinsights_sitenote_active":false,"_monsterinsights_sitenote_note":"","_monsterinsights_sitenote_category":0,"footnotes":""},"class_list":["post-2459","page","type-page","status-publish","has-post-thumbnail","hentry"],"acf":[],"yoast_head":"<!-- This site is optimized with the Yoast SEO plugin v27.3 - https:\/\/yoast.com\/product\/yoast-seo-wordpress\/ -->\n<title>QUI SOM | FRIT RAVICH<\/title>\n<meta name=\"description\" content=\"Frit Ravich \u00e9s una empresa familiar fundada l&#039;any 1963 per Josep Maria Viader, actual president i dirigida des de 1997 per la seva filla Judith Viader.\" \/>\n<meta name=\"robots\" content=\"index, follow, max-snippet:-1, max-image-preview:large, max-video-preview:-1\" \/>\n<link rel=\"canonical\" href=\"https:\/\/www.fritravich.com\/ca\/nosaltres\/qui-som\/\" \/>\n<meta property=\"og:locale\" content=\"ca_ES\" \/>\n<meta property=\"og:type\" content=\"article\" \/>\n<meta property=\"og:title\" content=\"QUI SOM | FRIT RAVICH\" \/>\n<meta property=\"og:description\" content=\"Frit Ravich \u00e9s una empresa familiar fundada l&#039;any 1963 per Josep Maria Viader, actual president i dirigida des de 1997 per la seva filla Judith Viader.\" \/>\n<meta property=\"og:url\" content=\"https:\/\/www.fritravich.com\/ca\/nosaltres\/qui-som\/\" \/>\n<meta property=\"og:site_name\" content=\"Frit Ravich\" \/>\n<meta property=\"article:publisher\" content=\"https:\/\/www.facebook.com\/FritRavich\/\" \/>\n<meta property=\"article:modified_time\" content=\"2025-04-14T09:50:07+00:00\" \/>\n<meta property=\"og:image\" content=\"http:\/\/www.fritravich.com\/wp-content\/uploads\/2017\/06\/LOGO_FRIT_RAVICH_FB.jpg\" \/>\n<meta name=\"twitter:label1\" content=\"Temps estimat de lectura\" \/>\n\t<meta name=\"twitter:data1\" content=\"1 minut\" \/>\n<script type=\"application\/ld+json\" class=\"yoast-schema-graph\">{\"@context\":\"https:\\\/\\\/schema.org\",\"@graph\":[{\"@type\":\"WebPage\",\"@id\":\"https:\\\/\\\/www.fritravich.com\\\/ca\\\/nosaltres\\\/qui-som\\\/\",\"url\":\"https:\\\/\\\/www.fritravich.com\\\/ca\\\/nosaltres\\\/qui-som\\\/\",\"name\":\"QUI SOM | FRIT RAVICH\",\"isPartOf\":{\"@id\":\"https:\\\/\\\/www.fritravich.com\\\/#website\"},\"primaryImageOfPage\":{\"@id\":\"https:\\\/\\\/www.fritravich.com\\\/ca\\\/nosaltres\\\/qui-som\\\/#primaryimage\"},\"image\":{\"@id\":\"https:\\\/\\\/www.fritravich.com\\\/ca\\\/nosaltres\\\/qui-som\\\/#primaryimage\"},\"thumbnailUrl\":\"https:\\\/\\\/www.fritravich.com\\\/wp-content\\\/uploads\\\/2024\\\/08\\\/quienes-somos-CAT-min.png\",\"datePublished\":\"2017-05-25T10:38:05+00:00\",\"dateModified\":\"2025-04-14T09:50:07+00:00\",\"description\":\"Frit Ravich \u00e9s una empresa familiar fundada l'any 1963 per Josep Maria Viader, actual president i dirigida des de 1997 per la seva filla Judith Viader.\",\"breadcrumb\":{\"@id\":\"https:\\\/\\\/www.fritravich.com\\\/ca\\\/nosaltres\\\/qui-som\\\/#breadcrumb\"},\"inLanguage\":\"ca\",\"potentialAction\":[{\"@type\":\"ReadAction\",\"target\":[\"https:\\\/\\\/www.fritravich.com\\\/ca\\\/nosaltres\\\/qui-som\\\/\"]}]},{\"@type\":\"ImageObject\",\"inLanguage\":\"ca\",\"@id\":\"https:\\\/\\\/www.fritravich.com\\\/ca\\\/nosaltres\\\/qui-som\\\/#primaryimage\",\"url\":\"https:\\\/\\\/www.fritravich.com\\\/wp-content\\\/uploads\\\/2024\\\/08\\\/quienes-somos-CAT-min.png\",\"contentUrl\":\"https:\\\/\\\/www.fritravich.com\\\/wp-content\\\/uploads\\\/2024\\\/08\\\/quienes-somos-CAT-min.png\",\"width\":901,\"height\":682},{\"@type\":\"BreadcrumbList\",\"@id\":\"https:\\\/\\\/www.fritravich.com\\\/ca\\\/nosaltres\\\/qui-som\\\/#breadcrumb\",\"itemListElement\":[{\"@type\":\"ListItem\",\"position\":1,\"name\":\"Portada\",\"item\":\"https:\\\/\\\/www.fritravich.com\\\/ca\\\/\"},{\"@type\":\"ListItem\",\"position\":2,\"name\":\"Nosaltres\",\"item\":\"https:\\\/\\\/www.fritravich.com\\\/ca\\\/nosaltres\\\/\"},{\"@type\":\"ListItem\",\"position\":3,\"name\":\"Qui som\"}]},{\"@type\":\"WebSite\",\"@id\":\"https:\\\/\\\/www.fritravich.com\\\/#website\",\"url\":\"https:\\\/\\\/www.fritravich.com\\\/\",\"name\":\"Frit Ravich\",\"description\":\"Empieza un buen momento\",\"potentialAction\":[{\"@type\":\"SearchAction\",\"target\":{\"@type\":\"EntryPoint\",\"urlTemplate\":\"https:\\\/\\\/www.fritravich.com\\\/?s={search_term_string}\"},\"query-input\":{\"@type\":\"PropertyValueSpecification\",\"valueRequired\":true,\"valueName\":\"search_term_string\"}}],\"inLanguage\":\"ca\"}]}<\/script>\n<!-- \/ Yoast SEO plugin. -->","yoast_head_json":{"title":"QUI SOM | FRIT RAVICH","description":"Frit Ravich \u00e9s una empresa familiar fundada l'any 1963 per Josep Maria Viader, actual president i dirigida des de 1997 per la seva filla Judith Viader.","robots":{"index":"index","follow":"follow","max-snippet":"max-snippet:-1","max-image-preview":"max-image-preview:large","max-video-preview":"max-video-preview:-1"},"canonical":"https:\/\/www.fritravich.com\/ca\/nosaltres\/qui-som\/","og_locale":"ca_ES","og_type":"article","og_title":"QUI SOM | FRIT RAVICH","og_description":"Frit Ravich \u00e9s una empresa familiar fundada l'any 1963 per Josep Maria Viader, actual president i dirigida des de 1997 per la seva filla Judith Viader.","og_url":"https:\/\/www.fritravich.com\/ca\/nosaltres\/qui-som\/","og_site_name":"Frit Ravich","article_publisher":"https:\/\/www.facebook.com\/FritRavich\/","article_modified_time":"2025-04-14T09:50:07+00:00","og_image":[{"url":"http:\/\/www.fritravich.com\/wp-content\/uploads\/2017\/06\/LOGO_FRIT_RAVICH_FB.jpg","type":"","width":"","height":""}],"twitter_misc":{"Temps estimat de lectura":"1 minut"},"schema":{"@context":"https:\/\/schema.org","@graph":[{"@type":"WebPage","@id":"https:\/\/www.fritravich.com\/ca\/nosaltres\/qui-som\/","url":"https:\/\/www.fritravich.com\/ca\/nosaltres\/qui-som\/","name":"QUI SOM | FRIT RAVICH","isPartOf":{"@id":"https:\/\/www.fritravich.com\/#website"},"primaryImageOfPage":{"@id":"https:\/\/www.fritravich.com\/ca\/nosaltres\/qui-som\/#primaryimage"},"image":{"@id":"https:\/\/www.fritravich.com\/ca\/nosaltres\/qui-som\/#primaryimage"},"thumbnailUrl":"https:\/\/www.fritravich.com\/wp-content\/uploads\/2024\/08\/quienes-somos-CAT-min.png","datePublished":"2017-05-25T10:38:05+00:00","dateModified":"2025-04-14T09:50:07+00:00","description":"Frit Ravich \u00e9s una empresa familiar fundada l'any 1963 per Josep Maria Viader, actual president i dirigida des de 1997 per la seva filla Judith Viader.","breadcrumb":{"@id":"https:\/\/www.fritravich.com\/ca\/nosaltres\/qui-som\/#breadcrumb"},"inLanguage":"ca","potentialAction":[{"@type":"ReadAction","target":["https:\/\/www.fritravich.com\/ca\/nosaltres\/qui-som\/"]}]},{"@type":"ImageObject","inLanguage":"ca","@id":"https:\/\/www.fritravich.com\/ca\/nosaltres\/qui-som\/#primaryimage","url":"https:\/\/www.fritravich.com\/wp-content\/uploads\/2024\/08\/quienes-somos-CAT-min.png","contentUrl":"https:\/\/www.fritravich.com\/wp-content\/uploads\/2024\/08\/quienes-somos-CAT-min.png","width":901,"height":682},{"@type":"BreadcrumbList","@id":"https:\/\/www.fritravich.com\/ca\/nosaltres\/qui-som\/#breadcrumb","itemListElement":[{"@type":"ListItem","position":1,"name":"Portada","item":"https:\/\/www.fritravich.com\/ca\/"},{"@type":"ListItem","position":2,"name":"Nosaltres","item":"https:\/\/www.fritravich.com\/ca\/nosaltres\/"},{"@type":"ListItem","position":3,"name":"Qui som"}]},{"@type":"WebSite","@id":"https:\/\/www.fritravich.com\/#website","url":"https:\/\/www.fritravich.com\/","name":"Frit Ravich","description":"Empieza un buen momento","potentialAction":[{"@type":"SearchAction","target":{"@type":"EntryPoint","urlTemplate":"https:\/\/www.fritravich.com\/?s={search_term_string}"},"query-input":{"@type":"PropertyValueSpecification","valueRequired":true,"valueName":"search_term_string"}}],"inLanguage":"ca"}]}},"_links":{"self":[{"href":"https:\/\/www.fritravich.com\/ca\/wp-json\/wp\/v2\/pages\/2459","targetHints":{"allow":["GET"]}}],"collection":[{"href":"https:\/\/www.fritravich.com\/ca\/wp-json\/wp\/v2\/pages"}],"about":[{"href":"https:\/\/www.fritravich.com\/ca\/wp-json\/wp\/v2\/types\/page"}],"author":[{"embeddable":true,"href":"https:\/\/www.fritravich.com\/ca\/wp-json\/wp\/v2\/users\/1"}],"replies":[{"embeddable":true,"href":"https:\/\/www.fritravich.com\/ca\/wp-json\/wp\/v2\/comments?post=2459"}],"version-history":[{"count":11,"href":"https:\/\/www.fritravich.com\/ca\/wp-json\/wp\/v2\/pages\/2459\/revisions"}],"predecessor-version":[{"id":10804,"href":"https:\/\/www.fritravich.com\/ca\/wp-json\/wp\/v2\/pages\/2459\/revisions\/10804"}],"up":[{"embeddable":true,"href":"https:\/\/www.fritravich.com\/ca\/wp-json\/wp\/v2\/pages\/2465"}],"wp:featuredmedia":[{"embeddable":true,"href":"https:\/\/www.fritravich.com\/ca\/wp-json\/wp\/v2\/media\/10458"}],"wp:attachment":[{"href":"https:\/\/www.fritravich.com\/ca\/wp-json\/wp\/v2\/media?parent=2459"}],"curies":[{"name":"wp","href":"https:\/\/api.w.org\/{rel}","templated":true}]}}