{"id":8970,"date":"2020-12-17T11:05:51","date_gmt":"2020-12-17T11:05:51","guid":{"rendered":"https:\/\/www.fritravich.com\/otra-informacion\/"},"modified":"2025-07-04T07:58:30","modified_gmt":"2025-07-04T07:58:30","slug":"altra-informacio","status":"publish","type":"page","link":"https:\/\/www.fritravich.com\/ca\/altra-informacio\/","title":{"rendered":"Altra informaci\u00f3"},"content":{"rendered":"<p>La Llei d\u2019informaci\u00f3 no financera, 11\/2018, de 28 de desembre, impulsa que les empreses faciliten dades de gesti\u00f3, a m\u00e9s dels econ\u00f2mics propis d\u2019una auditoria financera: les empreses no nom\u00e9s han d\u2019informar quan guanyen, sin\u00f3 tamb\u00e9 de com. Aquesta informaci\u00f3 es presenta a l\u2019Estat d\u2019Informaci\u00f3 No Financera (EINF). L\u2019 EINF dona a con\u00e8ixer dades per entendre des dels riscs als que s\u2019enfronta el negoci, fins la informaci\u00f3 sobre drets humans o sostenibilitat. A Frit Ravich considerem la comunicaci\u00f3 i la transpar\u00e8ncia com a part dels nostres valors de proximitat i orientaci\u00f3 al client i consumidor, per aix\u00f2, tal i com recull el BOE 314, de 29 de desembre de 2018, amb la publicaci\u00f3 de l\u2019informe anual Frit Ravich contribueix a la transici\u00f3 cap a una economia mundial sostenible que combini la rendibilitat a llarg termini amb la just\u00edcia social i la protecci\u00f3 del medi ambient.<\/p>\n<p><strong style=\"font-size: 18px;\">Llistat per anys:<\/strong><br \/>\n<a style=\"font-size: 18px;\" href=\"https:\/\/www.fritravich.com\/wp-content\/uploads\/2019\/11\/INFORME-EINF_FRIT_RAVICH-junto-con-revisio%CC%81n-VALORA.pdf\" target=\"_blank\" rel=\"noopener noreferrer\">Any 2018<\/a><br \/>\n<a style=\"font-size: 18px;\" href=\"https:\/\/www.fritravich.com\/wp-content\/uploads\/2020\/12\/4617_001.pdf\" target=\"_blank\" rel=\"noopener noreferrer\">Any 2019<\/a><br \/>\n<a style=\"font-size: 18px;\" href=\"https:\/\/www.fritravich.com\/wp-content\/uploads\/2021\/11\/INFORME-EINF_FRIT_RAVICH-2020-junto-con-revision-VALORA.pdf\" target=\"_blank\" rel=\"noopener noreferrer\">Any 2020<\/a><br \/>\n<a style=\"font-size: 18px;\" href=\"https:\/\/www.fritravich.com\/wp-content\/uploads\/2022\/09\/Informe-no-financiero-2021-junto-con-opinion.pdf\" target=\"_blank\" rel=\"noopener noreferrer\">Any 2021<\/a><br \/>\n<a style=\"font-size: 18px;\" href=\"https:\/\/www.fritravich.com\/wp-content\/uploads\/2023\/10\/Informe-no-financiero-2022.pdf\" target=\"_blank\" rel=\"noopener noreferrer\">Any 2022<\/a><br \/>\n<a style=\"font-size: 18px;\" href=\"https:\/\/www.fritravich.com\/wp-content\/uploads\/2025\/03\/informe-no-financiero-2023.pdf\" target=\"_blank\" rel=\"noopener noreferrer\">Any 2023<\/a><br \/>\n<a style=\"font-size: 18px;\" href=\"https:\/\/www.fritravich.com\/wp-content\/uploads\/2025\/07\/informe-no-financiero-2024.pdf\" target=\"_blank\" rel=\"noopener noreferrer\">Any 2024<\/a><\/p>\n","protected":false},"excerpt":{"rendered":"<p>La Llei d\u2019informaci\u00f3 no financera, 11\/2018, de 28 de desembre, impulsa que les empreses faciliten [&hellip;]<\/p>\n","protected":false},"author":1,"featured_media":0,"parent":0,"menu_order":53,"comment_status":"closed","ping_status":"closed","template":"page-generica.php","meta":{"_acf_changed":false,"_monsterinsights_skip_tracking":false,"_monsterinsights_sitenote_active":false,"_monsterinsights_sitenote_note":"","_monsterinsights_sitenote_category":0,"footnotes":""},"class_list":["post-8970","page","type-page","status-publish","hentry"],"acf":[],"yoast_head":"<!-- This site is optimized with the Yoast SEO plugin v27.3 - https:\/\/yoast.com\/product\/yoast-seo-wordpress\/ -->\n<title>Altra informaci\u00f3 - Frit Ravich<\/title>\n<meta name=\"robots\" content=\"index, follow, max-snippet:-1, max-image-preview:large, max-video-preview:-1\" \/>\n<link rel=\"canonical\" href=\"https:\/\/www.fritravich.com\/ca\/altra-informacio\/\" \/>\n<meta property=\"og:locale\" content=\"ca_ES\" \/>\n<meta property=\"og:type\" content=\"article\" \/>\n<meta property=\"og:title\" content=\"Altra informaci\u00f3 - Frit Ravich\" \/>\n<meta property=\"og:description\" content=\"La Llei d\u2019informaci\u00f3 no financera, 11\/2018, de 28 de desembre, impulsa que les empreses faciliten [&hellip;]\" \/>\n<meta property=\"og:url\" content=\"https:\/\/www.fritravich.com\/ca\/altra-informacio\/\" \/>\n<meta property=\"og:site_name\" content=\"Frit Ravich\" \/>\n<meta property=\"article:publisher\" content=\"https:\/\/www.facebook.com\/FritRavich\/\" \/>\n<meta property=\"article:modified_time\" content=\"2025-07-04T07:58:30+00:00\" \/>\n<meta name=\"twitter:label1\" content=\"Temps estimat de lectura\" \/>\n\t<meta name=\"twitter:data1\" content=\"1 minut\" \/>\n<script type=\"application\/ld+json\" class=\"yoast-schema-graph\">{\"@context\":\"https:\\\/\\\/schema.org\",\"@graph\":[{\"@type\":\"WebPage\",\"@id\":\"https:\\\/\\\/www.fritravich.com\\\/ca\\\/altra-informacio\\\/\",\"url\":\"https:\\\/\\\/www.fritravich.com\\\/ca\\\/altra-informacio\\\/\",\"name\":\"Altra informaci\u00f3 - Frit Ravich\",\"isPartOf\":{\"@id\":\"https:\\\/\\\/www.fritravich.com\\\/#website\"},\"datePublished\":\"2020-12-17T11:05:51+00:00\",\"dateModified\":\"2025-07-04T07:58:30+00:00\",\"breadcrumb\":{\"@id\":\"https:\\\/\\\/www.fritravich.com\\\/ca\\\/altra-informacio\\\/#breadcrumb\"},\"inLanguage\":\"ca\",\"potentialAction\":[{\"@type\":\"ReadAction\",\"target\":[\"https:\\\/\\\/www.fritravich.com\\\/ca\\\/altra-informacio\\\/\"]}]},{\"@type\":\"BreadcrumbList\",\"@id\":\"https:\\\/\\\/www.fritravich.com\\\/ca\\\/altra-informacio\\\/#breadcrumb\",\"itemListElement\":[{\"@type\":\"ListItem\",\"position\":1,\"name\":\"Portada\",\"item\":\"https:\\\/\\\/www.fritravich.com\\\/ca\\\/\"},{\"@type\":\"ListItem\",\"position\":2,\"name\":\"Altra informaci\u00f3\"}]},{\"@type\":\"WebSite\",\"@id\":\"https:\\\/\\\/www.fritravich.com\\\/#website\",\"url\":\"https:\\\/\\\/www.fritravich.com\\\/\",\"name\":\"Frit Ravich\",\"description\":\"Empieza un buen momento\",\"potentialAction\":[{\"@type\":\"SearchAction\",\"target\":{\"@type\":\"EntryPoint\",\"urlTemplate\":\"https:\\\/\\\/www.fritravich.com\\\/?s={search_term_string}\"},\"query-input\":{\"@type\":\"PropertyValueSpecification\",\"valueRequired\":true,\"valueName\":\"search_term_string\"}}],\"inLanguage\":\"ca\"}]}<\/script>\n<!-- \/ Yoast SEO plugin. -->","yoast_head_json":{"title":"Altra informaci\u00f3 - Frit Ravich","robots":{"index":"index","follow":"follow","max-snippet":"max-snippet:-1","max-image-preview":"max-image-preview:large","max-video-preview":"max-video-preview:-1"},"canonical":"https:\/\/www.fritravich.com\/ca\/altra-informacio\/","og_locale":"ca_ES","og_type":"article","og_title":"Altra informaci\u00f3 - Frit Ravich","og_description":"La Llei d\u2019informaci\u00f3 no financera, 11\/2018, de 28 de desembre, impulsa que les empreses faciliten [&hellip;]","og_url":"https:\/\/www.fritravich.com\/ca\/altra-informacio\/","og_site_name":"Frit Ravich","article_publisher":"https:\/\/www.facebook.com\/FritRavich\/","article_modified_time":"2025-07-04T07:58:30+00:00","twitter_misc":{"Temps estimat de lectura":"1 minut"},"schema":{"@context":"https:\/\/schema.org","@graph":[{"@type":"WebPage","@id":"https:\/\/www.fritravich.com\/ca\/altra-informacio\/","url":"https:\/\/www.fritravich.com\/ca\/altra-informacio\/","name":"Altra informaci\u00f3 - Frit Ravich","isPartOf":{"@id":"https:\/\/www.fritravich.com\/#website"},"datePublished":"2020-12-17T11:05:51+00:00","dateModified":"2025-07-04T07:58:30+00:00","breadcrumb":{"@id":"https:\/\/www.fritravich.com\/ca\/altra-informacio\/#breadcrumb"},"inLanguage":"ca","potentialAction":[{"@type":"ReadAction","target":["https:\/\/www.fritravich.com\/ca\/altra-informacio\/"]}]},{"@type":"BreadcrumbList","@id":"https:\/\/www.fritravich.com\/ca\/altra-informacio\/#breadcrumb","itemListElement":[{"@type":"ListItem","position":1,"name":"Portada","item":"https:\/\/www.fritravich.com\/ca\/"},{"@type":"ListItem","position":2,"name":"Altra informaci\u00f3"}]},{"@type":"WebSite","@id":"https:\/\/www.fritravich.com\/#website","url":"https:\/\/www.fritravich.com\/","name":"Frit Ravich","description":"Empieza un buen momento","potentialAction":[{"@type":"SearchAction","target":{"@type":"EntryPoint","urlTemplate":"https:\/\/www.fritravich.com\/?s={search_term_string}"},"query-input":{"@type":"PropertyValueSpecification","valueRequired":true,"valueName":"search_term_string"}}],"inLanguage":"ca"}]}},"_links":{"self":[{"href":"https:\/\/www.fritravich.com\/ca\/wp-json\/wp\/v2\/pages\/8970","targetHints":{"allow":["GET"]}}],"collection":[{"href":"https:\/\/www.fritravich.com\/ca\/wp-json\/wp\/v2\/pages"}],"about":[{"href":"https:\/\/www.fritravich.com\/ca\/wp-json\/wp\/v2\/types\/page"}],"author":[{"embeddable":true,"href":"https:\/\/www.fritravich.com\/ca\/wp-json\/wp\/v2\/users\/1"}],"replies":[{"embeddable":true,"href":"https:\/\/www.fritravich.com\/ca\/wp-json\/wp\/v2\/comments?post=8970"}],"version-history":[{"count":6,"href":"https:\/\/www.fritravich.com\/ca\/wp-json\/wp\/v2\/pages\/8970\/revisions"}],"predecessor-version":[{"id":11197,"href":"https:\/\/www.fritravich.com\/ca\/wp-json\/wp\/v2\/pages\/8970\/revisions\/11197"}],"wp:attachment":[{"href":"https:\/\/www.fritravich.com\/ca\/wp-json\/wp\/v2\/media?parent=8970"}],"curies":[{"name":"wp","href":"https:\/\/api.w.org\/{rel}","templated":true}]}}