{"id":2461,"date":"2017-05-25T10:38:05","date_gmt":"2017-05-25T10:38:05","guid":{"rendered":"http:\/\/www.fritravich.com\/quienes-somos\/"},"modified":"2025-04-14T09:49:32","modified_gmt":"2025-04-14T09:49:32","slug":"qui-sommes-nous","status":"publish","type":"page","link":"https:\/\/www.fritravich.com\/fr\/a-propos\/qui-sommes-nous\/","title":{"rendered":"Qui sommes-nous ?"},"content":{"rendered":"<p>Frit Ravich est une entreprise familiale fond\u00e9e en 1963 par Josep Maria Viader, l\u2019actuel pr\u00e9sident, et dirig\u00e9e depuis 1997 par sa fille Judith Viader, qui a pris la rel\u00e8ve, \u00e0 la g\u00e9n\u00e9ration suivante, de la propri\u00e9t\u00e9 de l\u2019entreprise en menant l\u2019expansion des affaires et le d\u00e9veloppement de la marque et de sa distribution.<\/p>\n<p>Nous sommes fabricants de Chips, Snacks et Fruits Secs de notre propre marque et distributeurs de marques externes d\u2019entreprises aussi solides que <em>Mars Espagne<\/em>, <em>Nestl\u00e9<\/em> ou <em>Ferrero<\/em>\u00a0et nous nous occupons de 50.000 points de vente par semaine. Nous intervenons dans la cha\u00eene Alimentation, H\u00f4tellerie, Promotion et Vrac. Ce mod\u00e8le de double gestion nous permet de profiter du meilleur des deux mondes pour apporter de la valeur \u00e0 nos consommateurs et clients.<\/p>\n<p>Nous ferm\u00e2mes 2024 avec des ventes de 332 millions d\u2019euros, avec une \u00e9quipe de pr\u00e8s 1.200 professionnels. Nous sommes pr\u00e9sents sur le territoire national et, depuis 2015, avec notre filiale en France. De plus, nous avons une pr\u00e9sence internationale dans plus de 25 pays.<\/p>\n","protected":false},"excerpt":{"rendered":"<p>Frit Ravich est une entreprise familiale fond\u00e9e en 1963 par Josep Maria Viader, l\u2019actuel pr\u00e9sident, [&hellip;]<\/p>\n","protected":false},"author":1,"featured_media":10464,"parent":2467,"menu_order":77,"comment_status":"closed","ping_status":"closed","template":"page-quienessomos.php","meta":{"_acf_changed":false,"_monsterinsights_skip_tracking":false,"_monsterinsights_sitenote_active":false,"_monsterinsights_sitenote_note":"","_monsterinsights_sitenote_category":0,"footnotes":""},"class_list":["post-2461","page","type-page","status-publish","has-post-thumbnail","hentry"],"acf":[],"yoast_head":"<!-- This site is optimized with the Yoast SEO plugin v27.3 - https:\/\/yoast.com\/product\/yoast-seo-wordpress\/ -->\n<title>QUI SOMMES-NOUS | FRIT RAVICH<\/title>\n<meta name=\"description\" content=\"Frit Ravich est une entreprise familiale fond\u00e9e en 1963 par Josep Maria Viader, l\u2019actuel pr\u00e9sident, et dirig\u00e9e depuis 1997 par sa fille Judith Viader...\" \/>\n<meta name=\"robots\" content=\"index, follow, max-snippet:-1, max-image-preview:large, max-video-preview:-1\" \/>\n<link rel=\"canonical\" href=\"https:\/\/www.fritravich.com\/fr\/a-propos\/qui-sommes-nous\/\" \/>\n<meta property=\"og:locale\" content=\"fr_FR\" \/>\n<meta property=\"og:type\" content=\"article\" \/>\n<meta property=\"og:title\" content=\"QUI SOMMES-NOUS | FRIT RAVICH\" \/>\n<meta property=\"og:description\" content=\"Frit Ravich est une entreprise familiale fond\u00e9e en 1963 par Josep Maria Viader, l\u2019actuel pr\u00e9sident, et dirig\u00e9e depuis 1997 par sa fille Judith Viader...\" \/>\n<meta property=\"og:url\" content=\"https:\/\/www.fritravich.com\/fr\/a-propos\/qui-sommes-nous\/\" \/>\n<meta property=\"og:site_name\" content=\"Frit Ravich\" \/>\n<meta property=\"article:publisher\" content=\"https:\/\/www.facebook.com\/FritRavich\/\" \/>\n<meta property=\"article:modified_time\" content=\"2025-04-14T09:49:32+00:00\" \/>\n<meta property=\"og:image\" content=\"http:\/\/www.fritravich.com\/wp-content\/uploads\/2017\/06\/LOGO_FRIT_RAVICH_FB.jpg\" \/>\n<meta name=\"twitter:label1\" content=\"Dur\u00e9e de lecture estim\u00e9e\" \/>\n\t<meta name=\"twitter:data1\" content=\"1 minute\" \/>\n<script type=\"application\/ld+json\" class=\"yoast-schema-graph\">{\"@context\":\"https:\\\/\\\/schema.org\",\"@graph\":[{\"@type\":\"WebPage\",\"@id\":\"https:\\\/\\\/www.fritravich.com\\\/fr\\\/a-propos\\\/qui-sommes-nous\\\/\",\"url\":\"https:\\\/\\\/www.fritravich.com\\\/fr\\\/a-propos\\\/qui-sommes-nous\\\/\",\"name\":\"QUI SOMMES-NOUS | FRIT RAVICH\",\"isPartOf\":{\"@id\":\"https:\\\/\\\/www.fritravich.com\\\/#website\"},\"primaryImageOfPage\":{\"@id\":\"https:\\\/\\\/www.fritravich.com\\\/fr\\\/a-propos\\\/qui-sommes-nous\\\/#primaryimage\"},\"image\":{\"@id\":\"https:\\\/\\\/www.fritravich.com\\\/fr\\\/a-propos\\\/qui-sommes-nous\\\/#primaryimage\"},\"thumbnailUrl\":\"https:\\\/\\\/www.fritravich.com\\\/wp-content\\\/uploads\\\/2024\\\/08\\\/quienes-somos-FR-min.png\",\"datePublished\":\"2017-05-25T10:38:05+00:00\",\"dateModified\":\"2025-04-14T09:49:32+00:00\",\"description\":\"Frit Ravich est une entreprise familiale fond\u00e9e en 1963 par Josep Maria Viader, l\u2019actuel pr\u00e9sident, et dirig\u00e9e depuis 1997 par sa fille Judith Viader...\",\"breadcrumb\":{\"@id\":\"https:\\\/\\\/www.fritravich.com\\\/fr\\\/a-propos\\\/qui-sommes-nous\\\/#breadcrumb\"},\"inLanguage\":\"fr-FR\",\"potentialAction\":[{\"@type\":\"ReadAction\",\"target\":[\"https:\\\/\\\/www.fritravich.com\\\/fr\\\/a-propos\\\/qui-sommes-nous\\\/\"]}]},{\"@type\":\"ImageObject\",\"inLanguage\":\"fr-FR\",\"@id\":\"https:\\\/\\\/www.fritravich.com\\\/fr\\\/a-propos\\\/qui-sommes-nous\\\/#primaryimage\",\"url\":\"https:\\\/\\\/www.fritravich.com\\\/wp-content\\\/uploads\\\/2024\\\/08\\\/quienes-somos-FR-min.png\",\"contentUrl\":\"https:\\\/\\\/www.fritravich.com\\\/wp-content\\\/uploads\\\/2024\\\/08\\\/quienes-somos-FR-min.png\",\"width\":901,\"height\":682},{\"@type\":\"BreadcrumbList\",\"@id\":\"https:\\\/\\\/www.fritravich.com\\\/fr\\\/a-propos\\\/qui-sommes-nous\\\/#breadcrumb\",\"itemListElement\":[{\"@type\":\"ListItem\",\"position\":1,\"name\":\"Portada\",\"item\":\"https:\\\/\\\/www.fritravich.com\\\/fr\\\/\"},{\"@type\":\"ListItem\",\"position\":2,\"name\":\"\u00c0 propos\",\"item\":\"https:\\\/\\\/www.fritravich.com\\\/fr\\\/a-propos\\\/\"},{\"@type\":\"ListItem\",\"position\":3,\"name\":\"Qui sommes-nous ?\"}]},{\"@type\":\"WebSite\",\"@id\":\"https:\\\/\\\/www.fritravich.com\\\/#website\",\"url\":\"https:\\\/\\\/www.fritravich.com\\\/\",\"name\":\"Frit Ravich\",\"description\":\"Otro sitio realizado con WordPress\",\"potentialAction\":[{\"@type\":\"SearchAction\",\"target\":{\"@type\":\"EntryPoint\",\"urlTemplate\":\"https:\\\/\\\/www.fritravich.com\\\/?s={search_term_string}\"},\"query-input\":{\"@type\":\"PropertyValueSpecification\",\"valueRequired\":true,\"valueName\":\"search_term_string\"}}],\"inLanguage\":\"fr-FR\"}]}<\/script>\n<!-- \/ Yoast SEO plugin. -->","yoast_head_json":{"title":"QUI SOMMES-NOUS | FRIT RAVICH","description":"Frit Ravich est une entreprise familiale fond\u00e9e en 1963 par Josep Maria Viader, l\u2019actuel pr\u00e9sident, et dirig\u00e9e depuis 1997 par sa fille Judith Viader...","robots":{"index":"index","follow":"follow","max-snippet":"max-snippet:-1","max-image-preview":"max-image-preview:large","max-video-preview":"max-video-preview:-1"},"canonical":"https:\/\/www.fritravich.com\/fr\/a-propos\/qui-sommes-nous\/","og_locale":"fr_FR","og_type":"article","og_title":"QUI SOMMES-NOUS | FRIT RAVICH","og_description":"Frit Ravich est une entreprise familiale fond\u00e9e en 1963 par Josep Maria Viader, l\u2019actuel pr\u00e9sident, et dirig\u00e9e depuis 1997 par sa fille Judith Viader...","og_url":"https:\/\/www.fritravich.com\/fr\/a-propos\/qui-sommes-nous\/","og_site_name":"Frit Ravich","article_publisher":"https:\/\/www.facebook.com\/FritRavich\/","article_modified_time":"2025-04-14T09:49:32+00:00","og_image":[{"url":"http:\/\/www.fritravich.com\/wp-content\/uploads\/2017\/06\/LOGO_FRIT_RAVICH_FB.jpg","type":"","width":"","height":""}],"twitter_misc":{"Dur\u00e9e de lecture estim\u00e9e":"1 minute"},"schema":{"@context":"https:\/\/schema.org","@graph":[{"@type":"WebPage","@id":"https:\/\/www.fritravich.com\/fr\/a-propos\/qui-sommes-nous\/","url":"https:\/\/www.fritravich.com\/fr\/a-propos\/qui-sommes-nous\/","name":"QUI SOMMES-NOUS | FRIT RAVICH","isPartOf":{"@id":"https:\/\/www.fritravich.com\/#website"},"primaryImageOfPage":{"@id":"https:\/\/www.fritravich.com\/fr\/a-propos\/qui-sommes-nous\/#primaryimage"},"image":{"@id":"https:\/\/www.fritravich.com\/fr\/a-propos\/qui-sommes-nous\/#primaryimage"},"thumbnailUrl":"https:\/\/www.fritravich.com\/wp-content\/uploads\/2024\/08\/quienes-somos-FR-min.png","datePublished":"2017-05-25T10:38:05+00:00","dateModified":"2025-04-14T09:49:32+00:00","description":"Frit Ravich est une entreprise familiale fond\u00e9e en 1963 par Josep Maria Viader, l\u2019actuel pr\u00e9sident, et dirig\u00e9e depuis 1997 par sa fille Judith Viader...","breadcrumb":{"@id":"https:\/\/www.fritravich.com\/fr\/a-propos\/qui-sommes-nous\/#breadcrumb"},"inLanguage":"fr-FR","potentialAction":[{"@type":"ReadAction","target":["https:\/\/www.fritravich.com\/fr\/a-propos\/qui-sommes-nous\/"]}]},{"@type":"ImageObject","inLanguage":"fr-FR","@id":"https:\/\/www.fritravich.com\/fr\/a-propos\/qui-sommes-nous\/#primaryimage","url":"https:\/\/www.fritravich.com\/wp-content\/uploads\/2024\/08\/quienes-somos-FR-min.png","contentUrl":"https:\/\/www.fritravich.com\/wp-content\/uploads\/2024\/08\/quienes-somos-FR-min.png","width":901,"height":682},{"@type":"BreadcrumbList","@id":"https:\/\/www.fritravich.com\/fr\/a-propos\/qui-sommes-nous\/#breadcrumb","itemListElement":[{"@type":"ListItem","position":1,"name":"Portada","item":"https:\/\/www.fritravich.com\/fr\/"},{"@type":"ListItem","position":2,"name":"\u00c0 propos","item":"https:\/\/www.fritravich.com\/fr\/a-propos\/"},{"@type":"ListItem","position":3,"name":"Qui sommes-nous ?"}]},{"@type":"WebSite","@id":"https:\/\/www.fritravich.com\/#website","url":"https:\/\/www.fritravich.com\/","name":"Frit Ravich","description":"Otro sitio realizado con WordPress","potentialAction":[{"@type":"SearchAction","target":{"@type":"EntryPoint","urlTemplate":"https:\/\/www.fritravich.com\/?s={search_term_string}"},"query-input":{"@type":"PropertyValueSpecification","valueRequired":true,"valueName":"search_term_string"}}],"inLanguage":"fr-FR"}]}},"_links":{"self":[{"href":"https:\/\/www.fritravich.com\/fr\/wp-json\/wp\/v2\/pages\/2461","targetHints":{"allow":["GET"]}}],"collection":[{"href":"https:\/\/www.fritravich.com\/fr\/wp-json\/wp\/v2\/pages"}],"about":[{"href":"https:\/\/www.fritravich.com\/fr\/wp-json\/wp\/v2\/types\/page"}],"author":[{"embeddable":true,"href":"https:\/\/www.fritravich.com\/fr\/wp-json\/wp\/v2\/users\/1"}],"replies":[{"embeddable":true,"href":"https:\/\/www.fritravich.com\/fr\/wp-json\/wp\/v2\/comments?post=2461"}],"version-history":[{"count":12,"href":"https:\/\/www.fritravich.com\/fr\/wp-json\/wp\/v2\/pages\/2461\/revisions"}],"predecessor-version":[{"id":10803,"href":"https:\/\/www.fritravich.com\/fr\/wp-json\/wp\/v2\/pages\/2461\/revisions\/10803"}],"up":[{"embeddable":true,"href":"https:\/\/www.fritravich.com\/fr\/wp-json\/wp\/v2\/pages\/2467"}],"wp:featuredmedia":[{"embeddable":true,"href":"https:\/\/www.fritravich.com\/fr\/wp-json\/wp\/v2\/media\/10464"}],"wp:attachment":[{"href":"https:\/\/www.fritravich.com\/fr\/wp-json\/wp\/v2\/media?parent=2461"}],"curies":[{"name":"wp","href":"https:\/\/api.w.org\/{rel}","templated":true}]}}