{"id":2464,"date":"2015-02-16T10:20:59","date_gmt":"2015-02-16T10:20:59","guid":{"rendered":"http:\/\/www.fritravich.com\/historia\/"},"modified":"2017-08-17T10:09:33","modified_gmt":"2017-08-17T10:09:33","slug":"histoire","status":"publish","type":"page","link":"https:\/\/www.fritravich.com\/fr\/a-propos\/histoire\/","title":{"rendered":"Histoire"},"content":{"rendered":"<h3>Naviguez selon l\u2019axe chronologique<\/h3>\n<p>D\u00e9couvrez les moments qui ont marqu\u00e9 le parcours de Frit Ravich au fil des ans. Une histoire avec beaucoup de caract\u00e8re et avec son propre cachet.<\/p>\n","protected":false},"excerpt":{"rendered":"<p>Naviguez selon l\u2019axe chronologique D\u00e9couvrez les moments qui ont marqu\u00e9 le parcours de Frit Ravich [&hellip;]<\/p>\n","protected":false},"author":1,"featured_media":0,"parent":2467,"menu_order":74,"comment_status":"closed","ping_status":"closed","template":"page-historia.php","meta":{"_acf_changed":false,"_monsterinsights_skip_tracking":false,"_monsterinsights_sitenote_active":false,"_monsterinsights_sitenote_note":"","_monsterinsights_sitenote_category":0,"footnotes":""},"class_list":["post-2464","page","type-page","status-publish","hentry"],"acf":[],"yoast_head":"<!-- This site is optimized with the Yoast SEO plugin v27.3 - https:\/\/yoast.com\/product\/yoast-seo-wordpress\/ -->\n<title>HISTOIRE | FRIT RAVICH<\/title>\n<meta name=\"description\" content=\"D\u00e9couvrez les moments qui ont marqu\u00e9 le parcours de Frit Ravich au fil des ans. Une histoire avec beaucoup de caract\u00e8re et avec son propre cachet.\" \/>\n<meta name=\"robots\" content=\"index, follow, max-snippet:-1, max-image-preview:large, max-video-preview:-1\" \/>\n<link rel=\"canonical\" href=\"https:\/\/www.fritravich.com\/fr\/a-propos\/histoire\/\" \/>\n<meta property=\"og:locale\" content=\"fr_FR\" \/>\n<meta property=\"og:type\" content=\"article\" \/>\n<meta property=\"og:title\" content=\"HISTOIRE | FRIT RAVICH\" \/>\n<meta property=\"og:description\" content=\"D\u00e9couvrez les moments qui ont marqu\u00e9 le parcours de Frit Ravich au fil des ans. Une histoire avec beaucoup de caract\u00e8re et avec son propre cachet.\" \/>\n<meta property=\"og:url\" content=\"https:\/\/www.fritravich.com\/fr\/a-propos\/histoire\/\" \/>\n<meta property=\"og:site_name\" content=\"Frit Ravich\" \/>\n<meta property=\"article:publisher\" content=\"https:\/\/www.facebook.com\/FritRavich\/\" \/>\n<meta property=\"article:modified_time\" content=\"2017-08-17T10:09:33+00:00\" \/>\n<meta property=\"og:image\" content=\"http:\/\/www.fritravich.com\/wp-content\/uploads\/2017\/06\/LOGO_FRIT_RAVICH_FB.jpg\" \/>\n<script type=\"application\/ld+json\" class=\"yoast-schema-graph\">{\"@context\":\"https:\\\/\\\/schema.org\",\"@graph\":[{\"@type\":\"WebPage\",\"@id\":\"https:\\\/\\\/www.fritravich.com\\\/fr\\\/a-propos\\\/histoire\\\/\",\"url\":\"https:\\\/\\\/www.fritravich.com\\\/fr\\\/a-propos\\\/histoire\\\/\",\"name\":\"HISTOIRE | FRIT RAVICH\",\"isPartOf\":{\"@id\":\"https:\\\/\\\/www.fritravich.com\\\/#website\"},\"datePublished\":\"2015-02-16T10:20:59+00:00\",\"dateModified\":\"2017-08-17T10:09:33+00:00\",\"description\":\"D\u00e9couvrez les moments qui ont marqu\u00e9 le parcours de Frit Ravich au fil des ans. Une histoire avec beaucoup de caract\u00e8re et avec son propre cachet.\",\"breadcrumb\":{\"@id\":\"https:\\\/\\\/www.fritravich.com\\\/fr\\\/a-propos\\\/histoire\\\/#breadcrumb\"},\"inLanguage\":\"fr-FR\",\"potentialAction\":[{\"@type\":\"ReadAction\",\"target\":[\"https:\\\/\\\/www.fritravich.com\\\/fr\\\/a-propos\\\/histoire\\\/\"]}]},{\"@type\":\"BreadcrumbList\",\"@id\":\"https:\\\/\\\/www.fritravich.com\\\/fr\\\/a-propos\\\/histoire\\\/#breadcrumb\",\"itemListElement\":[{\"@type\":\"ListItem\",\"position\":1,\"name\":\"Portada\",\"item\":\"https:\\\/\\\/www.fritravich.com\\\/fr\\\/\"},{\"@type\":\"ListItem\",\"position\":2,\"name\":\"\u00c0 propos\",\"item\":\"https:\\\/\\\/www.fritravich.com\\\/fr\\\/a-propos\\\/\"},{\"@type\":\"ListItem\",\"position\":3,\"name\":\"Histoire\"}]},{\"@type\":\"WebSite\",\"@id\":\"https:\\\/\\\/www.fritravich.com\\\/#website\",\"url\":\"https:\\\/\\\/www.fritravich.com\\\/\",\"name\":\"Frit Ravich\",\"description\":\"Otro sitio realizado con WordPress\",\"potentialAction\":[{\"@type\":\"SearchAction\",\"target\":{\"@type\":\"EntryPoint\",\"urlTemplate\":\"https:\\\/\\\/www.fritravich.com\\\/?s={search_term_string}\"},\"query-input\":{\"@type\":\"PropertyValueSpecification\",\"valueRequired\":true,\"valueName\":\"search_term_string\"}}],\"inLanguage\":\"fr-FR\"}]}<\/script>\n<!-- \/ Yoast SEO plugin. -->","yoast_head_json":{"title":"HISTOIRE | FRIT RAVICH","description":"D\u00e9couvrez les moments qui ont marqu\u00e9 le parcours de Frit Ravich au fil des ans. Une histoire avec beaucoup de caract\u00e8re et avec son propre cachet.","robots":{"index":"index","follow":"follow","max-snippet":"max-snippet:-1","max-image-preview":"max-image-preview:large","max-video-preview":"max-video-preview:-1"},"canonical":"https:\/\/www.fritravich.com\/fr\/a-propos\/histoire\/","og_locale":"fr_FR","og_type":"article","og_title":"HISTOIRE | FRIT RAVICH","og_description":"D\u00e9couvrez les moments qui ont marqu\u00e9 le parcours de Frit Ravich au fil des ans. Une histoire avec beaucoup de caract\u00e8re et avec son propre cachet.","og_url":"https:\/\/www.fritravich.com\/fr\/a-propos\/histoire\/","og_site_name":"Frit Ravich","article_publisher":"https:\/\/www.facebook.com\/FritRavich\/","article_modified_time":"2017-08-17T10:09:33+00:00","og_image":[{"url":"http:\/\/www.fritravich.com\/wp-content\/uploads\/2017\/06\/LOGO_FRIT_RAVICH_FB.jpg","type":"","width":"","height":""}],"schema":{"@context":"https:\/\/schema.org","@graph":[{"@type":"WebPage","@id":"https:\/\/www.fritravich.com\/fr\/a-propos\/histoire\/","url":"https:\/\/www.fritravich.com\/fr\/a-propos\/histoire\/","name":"HISTOIRE | FRIT RAVICH","isPartOf":{"@id":"https:\/\/www.fritravich.com\/#website"},"datePublished":"2015-02-16T10:20:59+00:00","dateModified":"2017-08-17T10:09:33+00:00","description":"D\u00e9couvrez les moments qui ont marqu\u00e9 le parcours de Frit Ravich au fil des ans. Une histoire avec beaucoup de caract\u00e8re et avec son propre cachet.","breadcrumb":{"@id":"https:\/\/www.fritravich.com\/fr\/a-propos\/histoire\/#breadcrumb"},"inLanguage":"fr-FR","potentialAction":[{"@type":"ReadAction","target":["https:\/\/www.fritravich.com\/fr\/a-propos\/histoire\/"]}]},{"@type":"BreadcrumbList","@id":"https:\/\/www.fritravich.com\/fr\/a-propos\/histoire\/#breadcrumb","itemListElement":[{"@type":"ListItem","position":1,"name":"Portada","item":"https:\/\/www.fritravich.com\/fr\/"},{"@type":"ListItem","position":2,"name":"\u00c0 propos","item":"https:\/\/www.fritravich.com\/fr\/a-propos\/"},{"@type":"ListItem","position":3,"name":"Histoire"}]},{"@type":"WebSite","@id":"https:\/\/www.fritravich.com\/#website","url":"https:\/\/www.fritravich.com\/","name":"Frit Ravich","description":"Otro sitio realizado con WordPress","potentialAction":[{"@type":"SearchAction","target":{"@type":"EntryPoint","urlTemplate":"https:\/\/www.fritravich.com\/?s={search_term_string}"},"query-input":{"@type":"PropertyValueSpecification","valueRequired":true,"valueName":"search_term_string"}}],"inLanguage":"fr-FR"}]}},"_links":{"self":[{"href":"https:\/\/www.fritravich.com\/fr\/wp-json\/wp\/v2\/pages\/2464","targetHints":{"allow":["GET"]}}],"collection":[{"href":"https:\/\/www.fritravich.com\/fr\/wp-json\/wp\/v2\/pages"}],"about":[{"href":"https:\/\/www.fritravich.com\/fr\/wp-json\/wp\/v2\/types\/page"}],"author":[{"embeddable":true,"href":"https:\/\/www.fritravich.com\/fr\/wp-json\/wp\/v2\/users\/1"}],"replies":[{"embeddable":true,"href":"https:\/\/www.fritravich.com\/fr\/wp-json\/wp\/v2\/comments?post=2464"}],"version-history":[{"count":2,"href":"https:\/\/www.fritravich.com\/fr\/wp-json\/wp\/v2\/pages\/2464\/revisions"}],"predecessor-version":[{"id":5069,"href":"https:\/\/www.fritravich.com\/fr\/wp-json\/wp\/v2\/pages\/2464\/revisions\/5069"}],"up":[{"embeddable":true,"href":"https:\/\/www.fritravich.com\/fr\/wp-json\/wp\/v2\/pages\/2467"}],"wp:attachment":[{"href":"https:\/\/www.fritravich.com\/fr\/wp-json\/wp\/v2\/media?parent=2464"}],"curies":[{"name":"wp","href":"https:\/\/api.w.org\/{rel}","templated":true}]}}